{"id":8580,"date":"2023-03-14T13:19:10","date_gmt":"2023-03-14T12:19:10","guid":{"rendered":"https:\/\/arbremagique.it\/il-nostro-viaggio-sostenibile\/"},"modified":"2025-10-27T17:33:28","modified_gmt":"2025-10-27T16:33:28","slug":"a-nossa-viagem-sustentavel","status":"publish","type":"page","link":"https:\/\/arbremagique.it\/pt-pt\/a-nossa-viagem-sustentavel\/","title":{"rendered":"A nossa viagem sustent\u00e1vel"},"content":{"rendered":"<section class=\"l-section wpb_row us_custom_0a269e52 height_small full_height valign_center width_full\"><div class=\"l-section-h i-cf\"><div class=\"g-cols vc_row via_flex valign_middle type_default stacking_default\"><div class=\"vc_col-sm-6 wpb_column vc_column_container\"><div class=\"vc_column-inner\"><div class=\"wpb_wrapper\">[vc_custom_heading text=&#8221;A nossa viagem sustent\u00e1vel&#8221; font_container=&#8221;tag:h1|text_align:left&#8221; use_theme_fonts=&#8221;yes&#8221; css=&#8221;%7B%22default%22%3A%7B%22color%22%3A%22_header_middle_bg%22%2C%22font-weight%22%3A%22900%22%7D%7D&#8221;]<div class=\"wpb_text_column us_custom_51878b05 has_text_color\"><div class=\"wpb_wrapper\"><p>Para n\u00f3s, a qualidade dos produtos passa pela tutela do mais importante recurso: <strong>a natureza<\/strong>. As suas cores, perfumes e \u00e1rvores inspiram-nos diariamente e d\u00e3o-nos o impulso para fazer ainda mais <strong>para cuidarmos do planeta<\/strong> e para <strong>salvaguardar<\/strong> o que existe de mais precioso: o ambiente no qual vivemos.<\/p>\n<\/div><\/div><\/div><\/div><\/div><div class=\"vc_col-sm-6 wpb_column vc_column_container\"><div class=\"vc_column-inner\"><div class=\"wpb_wrapper\"><div class=\"w-image us_custom_d3b00d20 align_right\"><div class=\"w-image-h\"><img decoding=\"async\" width=\"894\" height=\"622\" src=\"https:\/\/arbremagique.it\/wp-content\/uploads\/2023\/03\/Il-nostro-viaggio-sostenibile-header-1024x797-1.png\" class=\"attachment-large size-large\" alt=\"\" loading=\"lazy\" srcset=\"https:\/\/arbremagique.it\/wp-content\/uploads\/2023\/03\/Il-nostro-viaggio-sostenibile-header-1024x797-1.png 894w, https:\/\/arbremagique.it\/wp-content\/uploads\/2023\/03\/Il-nostro-viaggio-sostenibile-header-1024x797-1-300x209.png 300w\" sizes=\"auto, (max-width: 894px) 100vw, 894px\" \/><\/div><\/div><\/div><\/div><\/div><\/div><\/div><\/section><section class=\"l-section wpb_row us_custom_896dec2e height_small width_full\"><div class=\"l-section-h i-cf\"><div class=\"g-cols vc_row via_flex valign_middle type_default stacking_default\"><div class=\"vc_col-sm-12 wpb_column vc_column_container\"><div class=\"vc_column-inner\"><div class=\"wpb_wrapper\">[vc_custom_heading text=&#8221;Uma dimens\u00e3o cada vez mais verde com ARBRE MAGIQUE<sup>\u00ae<\/sup>&#8221; use_theme_fonts=&#8221;yes&#8221; css=&#8221;%7B%22default%22%3A%7B%22color%22%3A%22%2300a12f%22%2C%22text-align%22%3A%22center%22%2C%22font-weight%22%3A%22900%22%7D%7D&#8221;]<div class=\"g-cols wpb_row us_custom_527aa7b5 via_flex valign_middle type_default stacking_default\"><div class=\"vc_col-sm-6 wpb_column vc_column_container\"><div class=\"vc_column-inner us_custom_eabae2c2\"><div class=\"wpb_wrapper\"><div class=\"w-image us_custom_7f2b8eec align_left\"><div class=\"w-image-h\"><img decoding=\"async\" width=\"1024\" height=\"820\" src=\"https:\/\/arbremagique.it\/wp-content\/uploads\/2025\/07\/Elemento-sostenibilita-1-1024x820.png\" class=\"attachment-large size-large\" alt=\"\" loading=\"lazy\" srcset=\"https:\/\/arbremagique.it\/wp-content\/uploads\/2025\/07\/Elemento-sostenibilita-1-1024x820.png 1024w, https:\/\/arbremagique.it\/wp-content\/uploads\/2025\/07\/Elemento-sostenibilita-1-300x240.png 300w, https:\/\/arbremagique.it\/wp-content\/uploads\/2025\/07\/Elemento-sostenibilita-1-270x216.png 270w, https:\/\/arbremagique.it\/wp-content\/uploads\/2025\/07\/Elemento-sostenibilita-1.png 1026w\" sizes=\"auto, (max-width: 1024px) 100vw, 1024px\" \/><\/div><\/div><\/div><\/div><\/div><div class=\"vc_col-sm-6 wpb_column vc_column_container\"><div class=\"vc_column-inner\"><div class=\"wpb_wrapper\"><div class=\"wpb_text_column us_custom_0fa11497 has_text_color\"><div class=\"wpb_wrapper\"><p>Queremos olhar para o futuro, em cada projeto. Para n\u00f3s, <strong>ter uma vis\u00e3o a longo prazo<\/strong>, significa assumir a responsabilidade de poder <strong>garantir ao nosso Planeta o respeito que merece<\/strong>.<\/p>\n<p>ARBRE MAGIQUE<sup>\u00ae<\/sup>, o cl\u00e1ssico e ic\u00f3nico perfumador para autom\u00f3vel, \u00e9 o <strong>exemplo mais puro do nosso compromisso<\/strong>: de facto, desfruta de duas importantes <strong>certifica\u00e7\u00f5es de apoio ao meio ambiente<\/strong>.<\/p>\n<\/div><\/div><\/div><\/div><\/div><\/div><div class=\"g-cols wpb_row us_custom_257dd447 via_flex valign_middle type_default reversed stacking_default\"><div class=\"vc_col-sm-6 wpb_column vc_column_container\"><div class=\"vc_column-inner\"><div class=\"wpb_wrapper\"><div class=\"wpb_text_column us_custom_5ade01db has_text_color\"><div class=\"wpb_wrapper\"><p>O cart\u00e3o da embalagem \u00e9 certificado <strong>PEFC<\/strong>, enquanto o cart\u00e3o empregue para a realiza\u00e7\u00e3o do pr\u00f3prio desodorizante \u00e9 certificado <strong>FSC<\/strong>. S\u00e3o dois sistemas de qualidade destinados a garantir a qualidade da mat\u00e9ria-prima ao longo de toda a cadeia de produ\u00e7\u00e3o, a partir das florestas geridas de modo respons\u00e1vel para depois passar a todos os que interv\u00eam durante o processo de produ\u00e7\u00e3o, segundo crit\u00e9rios ecol\u00f3gicos.<\/p>\n<p><strong>Os nossos produtos s\u00e3o a hist\u00f3ria de uma escolha<\/strong>: a de garantir o m\u00e1ximo de qualidade e de salvaguarda do meio ambiente, em cada uma das fases, em todo o processo da nossa cadeia de produ\u00e7\u00e3o.<\/p>\n<\/div><\/div><\/div><\/div><\/div><div class=\"vc_col-sm-6 wpb_column vc_column_container\"><div class=\"vc_column-inner us_custom_eabae2c2\"><div class=\"wpb_wrapper\"><div class=\"w-image us_custom_8ec193fe align_right\"><div class=\"w-image-h\"><img decoding=\"async\" width=\"1024\" height=\"896\" src=\"https:\/\/arbremagique.it\/wp-content\/uploads\/2025\/07\/Elemento-sostenibilita-2-1024x896.png\" class=\"attachment-large size-large\" alt=\"\" loading=\"lazy\" srcset=\"https:\/\/arbremagique.it\/wp-content\/uploads\/2025\/07\/Elemento-sostenibilita-2-1024x896.png 1024w, https:\/\/arbremagique.it\/wp-content\/uploads\/2025\/07\/Elemento-sostenibilita-2-300x262.png 300w, https:\/\/arbremagique.it\/wp-content\/uploads\/2025\/07\/Elemento-sostenibilita-2-270x236.png 270w, https:\/\/arbremagique.it\/wp-content\/uploads\/2025\/07\/Elemento-sostenibilita-2.png 1833w\" sizes=\"auto, (max-width: 1024px) 100vw, 1024px\" \/><\/div><\/div><\/div><\/div><\/div><\/div><div class=\"g-cols wpb_row us_custom_63bd6285 via_flex valign_middle type_default stacking_default\"><div class=\"vc_col-sm-6 wpb_column vc_column_container\"><div class=\"vc_column-inner us_custom_eabae2c2\"><div class=\"wpb_wrapper\"><div class=\"w-image us_custom_94ca24a5 align_left\"><div class=\"w-image-h\"><img decoding=\"async\" width=\"928\" height=\"765\" src=\"https:\/\/arbremagique.it\/wp-content\/uploads\/2023\/05\/Raggruppa-1738_2.png\" class=\"attachment-large size-large\" alt=\"\" loading=\"lazy\" srcset=\"https:\/\/arbremagique.it\/wp-content\/uploads\/2023\/05\/Raggruppa-1738_2.png 928w, https:\/\/arbremagique.it\/wp-content\/uploads\/2023\/05\/Raggruppa-1738_2-300x247.png 300w, https:\/\/arbremagique.it\/wp-content\/uploads\/2023\/05\/Raggruppa-1738_2-270x223.png 270w\" sizes=\"auto, (max-width: 928px) 100vw, 928px\" \/><\/div><\/div><\/div><\/div><\/div><div class=\"vc_col-sm-6 wpb_column vc_column_container\"><div class=\"vc_column-inner\"><div class=\"wpb_wrapper\">[vc_custom_heading text=&#8221;As mat\u00e9rias-primas&#8221; use_theme_fonts=&#8221;yes&#8221; css=&#8221;%7B%22default%22%3A%7B%22color%22%3A%22%2300a12f%22%2C%22text-align%22%3A%22center%22%2C%22font-weight%22%3A%22900%22%7D%7D&#8221;]<div class=\"wpb_text_column us_custom_0fa11497 has_text_color\"><div class=\"wpb_wrapper\"><p>A <strong>sele\u00e7\u00e3o dos materiais empregues<\/strong> nos nossos produtos \u00e9 atenta e rigorosa, porque um dos nossos <strong>objetivos principais<\/strong> consiste em respeitar o Mundo que nos circunda e retirar apenas o melhor. Por isso, a celulose que utilizamos chega-nos exclusivamente de <strong>florestas que respeitam os crit\u00e9rios de sustentabilidade<\/strong>, assim como alguns materiais pl\u00e1sticos, que prov\u00eam de fontes de reciclagem.<\/p>\n<p>\u00c9 exemplo disso o <strong>corpo negro de ARBRE MAGIQUE<sup>\u00ae<\/sup> Pop<\/strong>, que obteve a <strong>certifica\u00e7\u00e3o \u201cPl\u00e1stico Segunda Vida\u201d<\/strong> por ser inteiramente reciclado a partir de <strong>res\u00edduos pl\u00e1sticos industriais<\/strong>.<\/p>\n<\/div><\/div><\/div><\/div><\/div><\/div><\/div><\/div><\/div><\/div><\/div><\/section><section class=\"l-section wpb_row us_custom_9cd4168e height_small width_full\"><div class=\"l-section-h i-cf\"><div class=\"g-cols vc_row via_flex valign_middle type_default stacking_default\"><div class=\"vc_col-sm-12 wpb_column vc_column_container\"><div class=\"vc_column-inner\"><div class=\"wpb_wrapper\">[vc_custom_heading text=&#8221;Vamos juntos para esta viagem?&#8221; use_theme_fonts=&#8221;yes&#8221; css=&#8221;%7B%22default%22%3A%7B%22color%22%3A%22%2300a12f%22%2C%22text-align%22%3A%22center%22%2C%22font-weight%22%3A%22900%22%7D%7D&#8221;]<div class=\"ult-spacer spacer-6a009feb7f59b\" data-id=\"6a009feb7f59b\" data-height=\"32\" data-height-mobile=\"32\" data-height-tab=\"32\" data-height-tab-portrait=\"\" data-height-mobile-landscape=\"\" style=\"clear:both;display:block;\"><\/div><div class=\"w-image align_center\"><div class=\"w-image-h\"><img decoding=\"async\" width=\"1024\" height=\"574\" src=\"https:\/\/arbremagique.it\/wp-content\/uploads\/2025\/08\/montaggio-prodotti-principali-1024x574-1.png\" class=\"attachment-large size-large\" alt=\"\" loading=\"lazy\" srcset=\"https:\/\/arbremagique.it\/wp-content\/uploads\/2025\/08\/montaggio-prodotti-principali-1024x574-1.png 1024w, https:\/\/arbremagique.it\/wp-content\/uploads\/2025\/08\/montaggio-prodotti-principali-1024x574-1-300x168.png 300w, https:\/\/arbremagique.it\/wp-content\/uploads\/2025\/08\/montaggio-prodotti-principali-1024x574-1-270x151.png 270w\" sizes=\"auto, (max-width: 1024px) 100vw, 1024px\" \/><\/div><\/div><\/div><\/div><\/div><\/div><\/div><\/section>\n","protected":false},"excerpt":{"rendered":"[vc_custom_heading text=\"A nossa viagem sustent\u00e1vel\" font_container=\"tag:h1|text_align:left\" use_theme_fonts=\"yes\" css=\"%7B%22default%22%3A%7B%22color%22%3A%22_header_middle_bg%22%2C%22font-weight%22%3A%22900%22%7D%7D\"]Para n\u00f3s, a qualidade dos produtos passa pela tutela do mais importante recurso: a natureza. As suas cores, perfumes e \u00e1rvores inspiram-nos diariamente e d\u00e3o-nos o impulso para fazer ainda mais para cuidarmos do planeta e para salvaguardar o que existe de mais precioso: o ambiente no qual...","protected":false},"author":1,"featured_media":0,"parent":0,"menu_order":0,"comment_status":"closed","ping_status":"closed","template":"","meta":{"_acf_changed":false,"inline_featured_image":false,"footnotes":""},"class_list":["post-8580","page","type-page","status-publish","hentry"],"acf":[],"yoast_head":"<!-- This site is optimized with the Yoast SEO plugin v27.5 - https:\/\/yoast.com\/product\/yoast-seo-wordpress\/ -->\n<title>A nossa viagem sustent\u00e1vel - Arbre Magique<\/title>\n<meta name=\"description\" content=\"Para n\u00f3s, a qualidade dos nossos produtos depende da prote\u00e7\u00e3o da natureza. As suas cores e aromas inspiram-nos todos os dias a cuidar do planeta\" \/>\n<meta name=\"robots\" content=\"index, follow, max-snippet:-1, max-image-preview:large, max-video-preview:-1\" \/>\n<link rel=\"canonical\" href=\"https:\/\/arbremagique.it\/pt-pt\/a-nossa-viagem-sustentavel\/\" \/>\n<meta property=\"og:locale\" content=\"pt_PT\" \/>\n<meta property=\"og:type\" content=\"article\" \/>\n<meta property=\"og:title\" content=\"A nossa viagem sustent\u00e1vel - Arbre Magique\" \/>\n<meta property=\"og:description\" content=\"Para n\u00f3s, a qualidade dos nossos produtos depende da prote\u00e7\u00e3o da natureza. As suas cores e aromas inspiram-nos todos os dias a cuidar do planeta\" \/>\n<meta property=\"og:url\" content=\"https:\/\/arbremagique.it\/pt-pt\/a-nossa-viagem-sustentavel\/\" \/>\n<meta property=\"og:site_name\" content=\"Arbre Magique\" \/>\n<meta property=\"article:publisher\" content=\"https:\/\/www.facebook.com\/Arbre.Magique\" \/>\n<meta property=\"article:modified_time\" content=\"2025-10-27T16:33:28+00:00\" \/>\n<meta property=\"og:image\" content=\"https:\/\/arbremagique.it\/wp-content\/uploads\/2023\/03\/logo_abremagiquex2-1.png\" \/>\n\t<meta property=\"og:image:width\" content=\"485\" \/>\n\t<meta property=\"og:image:height\" content=\"202\" \/>\n\t<meta property=\"og:image:type\" content=\"image\/png\" \/>\n<meta name=\"twitter:card\" content=\"summary_large_image\" \/>\n<meta name=\"twitter:label1\" content=\"Tempo estimado de leitura\" \/>\n\t<meta name=\"twitter:data1\" content=\"3 minutos\" \/>\n<script type=\"application\/ld+json\" class=\"yoast-schema-graph\">{\"@context\":\"https:\\\/\\\/schema.org\",\"@graph\":[{\"@type\":\"WebPage\",\"@id\":\"https:\\\/\\\/arbremagique.it\\\/pt-pt\\\/a-nossa-viagem-sustentavel\\\/\",\"url\":\"https:\\\/\\\/arbremagique.it\\\/pt-pt\\\/a-nossa-viagem-sustentavel\\\/\",\"name\":\"A nossa viagem sustent\u00e1vel - Arbre Magique\",\"isPartOf\":{\"@id\":\"https:\\\/\\\/arbremagique.it\\\/#website\"},\"datePublished\":\"2023-03-14T12:19:10+00:00\",\"dateModified\":\"2025-10-27T16:33:28+00:00\",\"description\":\"Para n\u00f3s, a qualidade dos nossos produtos depende da prote\u00e7\u00e3o da natureza. As suas cores e aromas inspiram-nos todos os dias a cuidar do planeta\",\"inLanguage\":\"pt-PT\",\"potentialAction\":[{\"@type\":\"ReadAction\",\"target\":[\"https:\\\/\\\/arbremagique.it\\\/pt-pt\\\/a-nossa-viagem-sustentavel\\\/\"]}]},{\"@type\":\"WebSite\",\"@id\":\"https:\\\/\\\/arbremagique.it\\\/#website\",\"url\":\"https:\\\/\\\/arbremagique.it\\\/\",\"name\":\"Arbre Magique\",\"description\":\"Il profumo dei tuoi viaggi\",\"publisher\":{\"@id\":\"https:\\\/\\\/arbremagique.it\\\/#organization\"},\"potentialAction\":[{\"@type\":\"SearchAction\",\"target\":{\"@type\":\"EntryPoint\",\"urlTemplate\":\"https:\\\/\\\/arbremagique.it\\\/?s={search_term_string}\"},\"query-input\":{\"@type\":\"PropertyValueSpecification\",\"valueRequired\":true,\"valueName\":\"search_term_string\"}}],\"inLanguage\":\"pt-PT\"},{\"@type\":\"Organization\",\"@id\":\"https:\\\/\\\/arbremagique.it\\\/#organization\",\"name\":\"Tavola Spa\",\"url\":\"https:\\\/\\\/arbremagique.it\\\/\",\"logo\":{\"@type\":\"ImageObject\",\"inLanguage\":\"pt-PT\",\"@id\":\"https:\\\/\\\/arbremagique.it\\\/#\\\/schema\\\/logo\\\/image\\\/\",\"url\":\"https:\\\/\\\/arbremagique.it\\\/wp-content\\\/uploads\\\/2023\\\/03\\\/logo_abremagiquex2-1.png\",\"contentUrl\":\"https:\\\/\\\/arbremagique.it\\\/wp-content\\\/uploads\\\/2023\\\/03\\\/logo_abremagiquex2-1.png\",\"width\":485,\"height\":202,\"caption\":\"Tavola Spa\"},\"image\":{\"@id\":\"https:\\\/\\\/arbremagique.it\\\/#\\\/schema\\\/logo\\\/image\\\/\"},\"sameAs\":[\"https:\\\/\\\/www.facebook.com\\\/Arbre.Magique\",\"https:\\\/\\\/www.instagram.com\\\/arbre_magique\\\/\"]}]}<\/script>\n<!-- \/ Yoast SEO plugin. -->","yoast_head_json":{"title":"A nossa viagem sustent\u00e1vel - Arbre Magique","description":"Para n\u00f3s, a qualidade dos nossos produtos depende da prote\u00e7\u00e3o da natureza. As suas cores e aromas inspiram-nos todos os dias a cuidar do planeta","robots":{"index":"index","follow":"follow","max-snippet":"max-snippet:-1","max-image-preview":"max-image-preview:large","max-video-preview":"max-video-preview:-1"},"canonical":"https:\/\/arbremagique.it\/pt-pt\/a-nossa-viagem-sustentavel\/","og_locale":"pt_PT","og_type":"article","og_title":"A nossa viagem sustent\u00e1vel - Arbre Magique","og_description":"Para n\u00f3s, a qualidade dos nossos produtos depende da prote\u00e7\u00e3o da natureza. As suas cores e aromas inspiram-nos todos os dias a cuidar do planeta","og_url":"https:\/\/arbremagique.it\/pt-pt\/a-nossa-viagem-sustentavel\/","og_site_name":"Arbre Magique","article_publisher":"https:\/\/www.facebook.com\/Arbre.Magique","article_modified_time":"2025-10-27T16:33:28+00:00","og_image":[{"width":485,"height":202,"url":"https:\/\/arbremagique.it\/wp-content\/uploads\/2023\/03\/logo_abremagiquex2-1.png","type":"image\/png"}],"twitter_card":"summary_large_image","twitter_misc":{"Tempo estimado de leitura":"3 minutos"},"schema":{"@context":"https:\/\/schema.org","@graph":[{"@type":"WebPage","@id":"https:\/\/arbremagique.it\/pt-pt\/a-nossa-viagem-sustentavel\/","url":"https:\/\/arbremagique.it\/pt-pt\/a-nossa-viagem-sustentavel\/","name":"A nossa viagem sustent\u00e1vel - Arbre Magique","isPartOf":{"@id":"https:\/\/arbremagique.it\/#website"},"datePublished":"2023-03-14T12:19:10+00:00","dateModified":"2025-10-27T16:33:28+00:00","description":"Para n\u00f3s, a qualidade dos nossos produtos depende da prote\u00e7\u00e3o da natureza. As suas cores e aromas inspiram-nos todos os dias a cuidar do planeta","inLanguage":"pt-PT","potentialAction":[{"@type":"ReadAction","target":["https:\/\/arbremagique.it\/pt-pt\/a-nossa-viagem-sustentavel\/"]}]},{"@type":"WebSite","@id":"https:\/\/arbremagique.it\/#website","url":"https:\/\/arbremagique.it\/","name":"Arbre Magique","description":"Il profumo dei tuoi viaggi","publisher":{"@id":"https:\/\/arbremagique.it\/#organization"},"potentialAction":[{"@type":"SearchAction","target":{"@type":"EntryPoint","urlTemplate":"https:\/\/arbremagique.it\/?s={search_term_string}"},"query-input":{"@type":"PropertyValueSpecification","valueRequired":true,"valueName":"search_term_string"}}],"inLanguage":"pt-PT"},{"@type":"Organization","@id":"https:\/\/arbremagique.it\/#organization","name":"Tavola Spa","url":"https:\/\/arbremagique.it\/","logo":{"@type":"ImageObject","inLanguage":"pt-PT","@id":"https:\/\/arbremagique.it\/#\/schema\/logo\/image\/","url":"https:\/\/arbremagique.it\/wp-content\/uploads\/2023\/03\/logo_abremagiquex2-1.png","contentUrl":"https:\/\/arbremagique.it\/wp-content\/uploads\/2023\/03\/logo_abremagiquex2-1.png","width":485,"height":202,"caption":"Tavola Spa"},"image":{"@id":"https:\/\/arbremagique.it\/#\/schema\/logo\/image\/"},"sameAs":["https:\/\/www.facebook.com\/Arbre.Magique","https:\/\/www.instagram.com\/arbre_magique\/"]}]}},"_links":{"self":[{"href":"https:\/\/arbremagique.it\/pt-pt\/wp-json\/wp\/v2\/pages\/8580","targetHints":{"allow":["GET"]}}],"collection":[{"href":"https:\/\/arbremagique.it\/pt-pt\/wp-json\/wp\/v2\/pages"}],"about":[{"href":"https:\/\/arbremagique.it\/pt-pt\/wp-json\/wp\/v2\/types\/page"}],"author":[{"embeddable":true,"href":"https:\/\/arbremagique.it\/pt-pt\/wp-json\/wp\/v2\/users\/1"}],"replies":[{"embeddable":true,"href":"https:\/\/arbremagique.it\/pt-pt\/wp-json\/wp\/v2\/comments?post=8580"}],"version-history":[{"count":4,"href":"https:\/\/arbremagique.it\/pt-pt\/wp-json\/wp\/v2\/pages\/8580\/revisions"}],"predecessor-version":[{"id":10094,"href":"https:\/\/arbremagique.it\/pt-pt\/wp-json\/wp\/v2\/pages\/8580\/revisions\/10094"}],"wp:attachment":[{"href":"https:\/\/arbremagique.it\/pt-pt\/wp-json\/wp\/v2\/media?parent=8580"}],"curies":[{"name":"wp","href":"https:\/\/api.w.org\/{rel}","templated":true}]}}