{"id":8608,"date":"2023-03-10T17:00:07","date_gmt":"2023-03-10T16:00:07","guid":{"rendered":"https:\/\/arbremagique.it\/ilmito\/"},"modified":"2024-01-17T10:52:54","modified_gmt":"2024-01-17T09:52:54","slug":"ilmito","status":"publish","type":"page","link":"https:\/\/arbremagique.it\/pt-pt\/ilmito\/","title":{"rendered":"O mito"},"content":{"rendered":"","protected":false},"excerpt":{"rendered":"","protected":false},"author":1,"featured_media":0,"parent":0,"menu_order":0,"comment_status":"closed","ping_status":"closed","template":"","meta":{"_acf_changed":false,"inline_featured_image":false,"footnotes":""},"class_list":["post-8608","page","type-page","status-publish","hentry"],"acf":[],"yoast_head":"<!-- This site is optimized with the Yoast SEO plugin v26.9 - https:\/\/yoast.com\/product\/yoast-seo-wordpress\/ -->\n<title>O mito - Arbre Magique<\/title>\n<meta name=\"description\" content=\"Arbre Magique \u00e9 um mito e um \u00edcone que tem acompanhado motoristas desde 1952 como um companheiro de viagem confi\u00e1vel e seguro.\" \/>\n<meta name=\"robots\" content=\"index, follow, max-snippet:-1, max-image-preview:large, max-video-preview:-1\" \/>\n<link rel=\"canonical\" href=\"https:\/\/arbremagique.it\/pt-pt\/ilmito\/\" \/>\n<meta property=\"og:locale\" content=\"pt_PT\" \/>\n<meta property=\"og:type\" content=\"article\" \/>\n<meta property=\"og:title\" content=\"O mito - Arbre Magique\" \/>\n<meta property=\"og:description\" content=\"Arbre Magique \u00e9 um mito e um \u00edcone que tem acompanhado motoristas desde 1952 como um companheiro de viagem confi\u00e1vel e seguro.\" \/>\n<meta property=\"og:url\" content=\"https:\/\/arbremagique.it\/pt-pt\/ilmito\/\" \/>\n<meta property=\"og:site_name\" content=\"Arbre Magique\" \/>\n<meta property=\"article:publisher\" content=\"https:\/\/www.facebook.com\/Arbre.Magique\" \/>\n<meta property=\"article:modified_time\" content=\"2024-01-17T09:52:54+00:00\" \/>\n<meta property=\"og:image\" content=\"https:\/\/arbremagique.it\/wp-content\/uploads\/2023\/03\/logo_abremagiquex2-1.png\" \/>\n\t<meta property=\"og:image:width\" content=\"485\" \/>\n\t<meta property=\"og:image:height\" content=\"202\" \/>\n\t<meta property=\"og:image:type\" content=\"image\/png\" \/>\n<meta name=\"twitter:card\" content=\"summary_large_image\" \/>\n<script type=\"application\/ld+json\" class=\"yoast-schema-graph\">{\"@context\":\"https:\/\/schema.org\",\"@graph\":[{\"@type\":\"WebPage\",\"@id\":\"https:\/\/arbremagique.it\/pt-pt\/ilmito\/\",\"url\":\"https:\/\/arbremagique.it\/pt-pt\/ilmito\/\",\"name\":\"O mito - Arbre Magique\",\"isPartOf\":{\"@id\":\"https:\/\/arbremagique.it\/#website\"},\"datePublished\":\"2023-03-10T16:00:07+00:00\",\"dateModified\":\"2024-01-17T09:52:54+00:00\",\"description\":\"Arbre Magique \u00e9 um mito e um \u00edcone que tem acompanhado motoristas desde 1952 como um companheiro de viagem confi\u00e1vel e seguro.\",\"inLanguage\":\"pt-PT\",\"potentialAction\":[{\"@type\":\"ReadAction\",\"target\":[\"https:\/\/arbremagique.it\/pt-pt\/ilmito\/\"]}]},{\"@type\":\"WebSite\",\"@id\":\"https:\/\/arbremagique.it\/#website\",\"url\":\"https:\/\/arbremagique.it\/\",\"name\":\"Arbre Magique\",\"description\":\"Il profumo dei tuoi viaggi\",\"publisher\":{\"@id\":\"https:\/\/arbremagique.it\/#organization\"},\"potentialAction\":[{\"@type\":\"SearchAction\",\"target\":{\"@type\":\"EntryPoint\",\"urlTemplate\":\"https:\/\/arbremagique.it\/?s={search_term_string}\"},\"query-input\":{\"@type\":\"PropertyValueSpecification\",\"valueRequired\":true,\"valueName\":\"search_term_string\"}}],\"inLanguage\":\"pt-PT\"},{\"@type\":\"Organization\",\"@id\":\"https:\/\/arbremagique.it\/#organization\",\"name\":\"Tavola Spa\",\"url\":\"https:\/\/arbremagique.it\/\",\"logo\":{\"@type\":\"ImageObject\",\"inLanguage\":\"pt-PT\",\"@id\":\"https:\/\/arbremagique.it\/#\/schema\/logo\/image\/\",\"url\":\"https:\/\/arbremagique.it\/wp-content\/uploads\/2023\/03\/logo_abremagiquex2-1.png\",\"contentUrl\":\"https:\/\/arbremagique.it\/wp-content\/uploads\/2023\/03\/logo_abremagiquex2-1.png\",\"width\":485,\"height\":202,\"caption\":\"Tavola Spa\"},\"image\":{\"@id\":\"https:\/\/arbremagique.it\/#\/schema\/logo\/image\/\"},\"sameAs\":[\"https:\/\/www.facebook.com\/Arbre.Magique\",\"https:\/\/www.instagram.com\/arbre_magique\/\"]}]}<\/script>\n<!-- \/ Yoast SEO plugin. -->","yoast_head_json":{"title":"O mito - Arbre Magique","description":"Arbre Magique \u00e9 um mito e um \u00edcone que tem acompanhado motoristas desde 1952 como um companheiro de viagem confi\u00e1vel e seguro.","robots":{"index":"index","follow":"follow","max-snippet":"max-snippet:-1","max-image-preview":"max-image-preview:large","max-video-preview":"max-video-preview:-1"},"canonical":"https:\/\/arbremagique.it\/pt-pt\/ilmito\/","og_locale":"pt_PT","og_type":"article","og_title":"O mito - Arbre Magique","og_description":"Arbre Magique \u00e9 um mito e um \u00edcone que tem acompanhado motoristas desde 1952 como um companheiro de viagem confi\u00e1vel e seguro.","og_url":"https:\/\/arbremagique.it\/pt-pt\/ilmito\/","og_site_name":"Arbre Magique","article_publisher":"https:\/\/www.facebook.com\/Arbre.Magique","article_modified_time":"2024-01-17T09:52:54+00:00","og_image":[{"width":485,"height":202,"url":"https:\/\/arbremagique.it\/wp-content\/uploads\/2023\/03\/logo_abremagiquex2-1.png","type":"image\/png"}],"twitter_card":"summary_large_image","schema":{"@context":"https:\/\/schema.org","@graph":[{"@type":"WebPage","@id":"https:\/\/arbremagique.it\/pt-pt\/ilmito\/","url":"https:\/\/arbremagique.it\/pt-pt\/ilmito\/","name":"O mito - Arbre Magique","isPartOf":{"@id":"https:\/\/arbremagique.it\/#website"},"datePublished":"2023-03-10T16:00:07+00:00","dateModified":"2024-01-17T09:52:54+00:00","description":"Arbre Magique \u00e9 um mito e um \u00edcone que tem acompanhado motoristas desde 1952 como um companheiro de viagem confi\u00e1vel e seguro.","inLanguage":"pt-PT","potentialAction":[{"@type":"ReadAction","target":["https:\/\/arbremagique.it\/pt-pt\/ilmito\/"]}]},{"@type":"WebSite","@id":"https:\/\/arbremagique.it\/#website","url":"https:\/\/arbremagique.it\/","name":"Arbre Magique","description":"Il profumo dei tuoi viaggi","publisher":{"@id":"https:\/\/arbremagique.it\/#organization"},"potentialAction":[{"@type":"SearchAction","target":{"@type":"EntryPoint","urlTemplate":"https:\/\/arbremagique.it\/?s={search_term_string}"},"query-input":{"@type":"PropertyValueSpecification","valueRequired":true,"valueName":"search_term_string"}}],"inLanguage":"pt-PT"},{"@type":"Organization","@id":"https:\/\/arbremagique.it\/#organization","name":"Tavola Spa","url":"https:\/\/arbremagique.it\/","logo":{"@type":"ImageObject","inLanguage":"pt-PT","@id":"https:\/\/arbremagique.it\/#\/schema\/logo\/image\/","url":"https:\/\/arbremagique.it\/wp-content\/uploads\/2023\/03\/logo_abremagiquex2-1.png","contentUrl":"https:\/\/arbremagique.it\/wp-content\/uploads\/2023\/03\/logo_abremagiquex2-1.png","width":485,"height":202,"caption":"Tavola Spa"},"image":{"@id":"https:\/\/arbremagique.it\/#\/schema\/logo\/image\/"},"sameAs":["https:\/\/www.facebook.com\/Arbre.Magique","https:\/\/www.instagram.com\/arbre_magique\/"]}]}},"_links":{"self":[{"href":"https:\/\/arbremagique.it\/pt-pt\/wp-json\/wp\/v2\/pages\/8608","targetHints":{"allow":["GET"]}}],"collection":[{"href":"https:\/\/arbremagique.it\/pt-pt\/wp-json\/wp\/v2\/pages"}],"about":[{"href":"https:\/\/arbremagique.it\/pt-pt\/wp-json\/wp\/v2\/types\/page"}],"author":[{"embeddable":true,"href":"https:\/\/arbremagique.it\/pt-pt\/wp-json\/wp\/v2\/users\/1"}],"replies":[{"embeddable":true,"href":"https:\/\/arbremagique.it\/pt-pt\/wp-json\/wp\/v2\/comments?post=8608"}],"version-history":[{"count":1,"href":"https:\/\/arbremagique.it\/pt-pt\/wp-json\/wp\/v2\/pages\/8608\/revisions"}],"predecessor-version":[{"id":9234,"href":"https:\/\/arbremagique.it\/pt-pt\/wp-json\/wp\/v2\/pages\/8608\/revisions\/9234"}],"wp:attachment":[{"href":"https:\/\/arbremagique.it\/pt-pt\/wp-json\/wp\/v2\/media?parent=8608"}],"curies":[{"name":"wp","href":"https:\/\/api.w.org\/{rel}","templated":true}]}}