{"id":8869,"date":"2023-04-03T16:49:15","date_gmt":"2023-04-03T14:49:15","guid":{"rendered":"https:\/\/arbremagique.it\/prodotti-2023\/"},"modified":"2025-08-04T19:18:02","modified_gmt":"2025-08-04T17:18:02","slug":"produtos","status":"publish","type":"page","link":"https:\/\/arbremagique.it\/pt-pt\/produtos\/","title":{"rendered":"Produtos"},"content":{"rendered":"","protected":false},"excerpt":{"rendered":"","protected":false},"author":1,"featured_media":0,"parent":0,"menu_order":0,"comment_status":"closed","ping_status":"closed","template":"","meta":{"_acf_changed":false,"inline_featured_image":false,"footnotes":""},"class_list":["post-8869","page","type-page","status-publish","hentry"],"acf":[],"yoast_head":"<!-- This site is optimized with the Yoast SEO plugin v26.9 - https:\/\/yoast.com\/product\/yoast-seo-wordpress\/ -->\n<title>Produtos | Arbre Magique<\/title>\n<meta name=\"description\" content=\"Arbre Magique \u00e9 para todos os gostos de fragr\u00e2ncia e cor para lhe dar uma carga de emo\u00e7\u00f5es olfativas sempre novo, ambicioso e refinado.\" \/>\n<meta name=\"robots\" content=\"index, follow, max-snippet:-1, max-image-preview:large, max-video-preview:-1\" \/>\n<link rel=\"canonical\" href=\"https:\/\/arbremagique.it\/pt-pt\/produtos\/\" \/>\n<meta property=\"og:locale\" content=\"pt_PT\" \/>\n<meta property=\"og:type\" content=\"article\" \/>\n<meta property=\"og:title\" content=\"Produtos | Arbre Magique\" \/>\n<meta property=\"og:description\" content=\"Arbre Magique \u00e9 para todos os gostos de fragr\u00e2ncia e cor para lhe dar uma carga de emo\u00e7\u00f5es olfativas sempre novo, ambicioso e refinado.\" \/>\n<meta property=\"og:url\" content=\"https:\/\/arbremagique.it\/pt-pt\/produtos\/\" \/>\n<meta property=\"og:site_name\" content=\"Arbre Magique\" \/>\n<meta property=\"article:publisher\" content=\"https:\/\/www.facebook.com\/Arbre.Magique\" \/>\n<meta property=\"article:modified_time\" content=\"2025-08-04T17:18:02+00:00\" \/>\n<meta property=\"og:image\" content=\"https:\/\/arbremagique.it\/wp-content\/uploads\/2023\/03\/logo_abremagiquex2-1.png\" \/>\n\t<meta property=\"og:image:width\" content=\"485\" \/>\n\t<meta property=\"og:image:height\" content=\"202\" \/>\n\t<meta property=\"og:image:type\" content=\"image\/png\" \/>\n<meta name=\"twitter:card\" content=\"summary_large_image\" \/>\n<script type=\"application\/ld+json\" class=\"yoast-schema-graph\">{\"@context\":\"https:\/\/schema.org\",\"@graph\":[{\"@type\":\"WebPage\",\"@id\":\"https:\/\/arbremagique.it\/pt-pt\/produtos\/\",\"url\":\"https:\/\/arbremagique.it\/pt-pt\/produtos\/\",\"name\":\"Produtos | Arbre Magique\",\"isPartOf\":{\"@id\":\"https:\/\/arbremagique.it\/#website\"},\"datePublished\":\"2023-04-03T14:49:15+00:00\",\"dateModified\":\"2025-08-04T17:18:02+00:00\",\"description\":\"Arbre Magique \u00e9 para todos os gostos de fragr\u00e2ncia e cor para lhe dar uma carga de emo\u00e7\u00f5es olfativas sempre novo, ambicioso e refinado.\",\"inLanguage\":\"pt-PT\",\"potentialAction\":[{\"@type\":\"ReadAction\",\"target\":[\"https:\/\/arbremagique.it\/pt-pt\/produtos\/\"]}]},{\"@type\":\"WebSite\",\"@id\":\"https:\/\/arbremagique.it\/#website\",\"url\":\"https:\/\/arbremagique.it\/\",\"name\":\"Arbre Magique\",\"description\":\"Il profumo dei tuoi viaggi\",\"publisher\":{\"@id\":\"https:\/\/arbremagique.it\/#organization\"},\"potentialAction\":[{\"@type\":\"SearchAction\",\"target\":{\"@type\":\"EntryPoint\",\"urlTemplate\":\"https:\/\/arbremagique.it\/?s={search_term_string}\"},\"query-input\":{\"@type\":\"PropertyValueSpecification\",\"valueRequired\":true,\"valueName\":\"search_term_string\"}}],\"inLanguage\":\"pt-PT\"},{\"@type\":\"Organization\",\"@id\":\"https:\/\/arbremagique.it\/#organization\",\"name\":\"Tavola Spa\",\"url\":\"https:\/\/arbremagique.it\/\",\"logo\":{\"@type\":\"ImageObject\",\"inLanguage\":\"pt-PT\",\"@id\":\"https:\/\/arbremagique.it\/#\/schema\/logo\/image\/\",\"url\":\"https:\/\/arbremagique.it\/wp-content\/uploads\/2023\/03\/logo_abremagiquex2-1.png\",\"contentUrl\":\"https:\/\/arbremagique.it\/wp-content\/uploads\/2023\/03\/logo_abremagiquex2-1.png\",\"width\":485,\"height\":202,\"caption\":\"Tavola Spa\"},\"image\":{\"@id\":\"https:\/\/arbremagique.it\/#\/schema\/logo\/image\/\"},\"sameAs\":[\"https:\/\/www.facebook.com\/Arbre.Magique\",\"https:\/\/www.instagram.com\/arbre_magique\/\"]}]}<\/script>\n<!-- \/ Yoast SEO plugin. -->","yoast_head_json":{"title":"Produtos | Arbre Magique","description":"Arbre Magique \u00e9 para todos os gostos de fragr\u00e2ncia e cor para lhe dar uma carga de emo\u00e7\u00f5es olfativas sempre novo, ambicioso e refinado.","robots":{"index":"index","follow":"follow","max-snippet":"max-snippet:-1","max-image-preview":"max-image-preview:large","max-video-preview":"max-video-preview:-1"},"canonical":"https:\/\/arbremagique.it\/pt-pt\/produtos\/","og_locale":"pt_PT","og_type":"article","og_title":"Produtos | Arbre Magique","og_description":"Arbre Magique \u00e9 para todos os gostos de fragr\u00e2ncia e cor para lhe dar uma carga de emo\u00e7\u00f5es olfativas sempre novo, ambicioso e refinado.","og_url":"https:\/\/arbremagique.it\/pt-pt\/produtos\/","og_site_name":"Arbre Magique","article_publisher":"https:\/\/www.facebook.com\/Arbre.Magique","article_modified_time":"2025-08-04T17:18:02+00:00","og_image":[{"width":485,"height":202,"url":"https:\/\/arbremagique.it\/wp-content\/uploads\/2023\/03\/logo_abremagiquex2-1.png","type":"image\/png"}],"twitter_card":"summary_large_image","schema":{"@context":"https:\/\/schema.org","@graph":[{"@type":"WebPage","@id":"https:\/\/arbremagique.it\/pt-pt\/produtos\/","url":"https:\/\/arbremagique.it\/pt-pt\/produtos\/","name":"Produtos | Arbre Magique","isPartOf":{"@id":"https:\/\/arbremagique.it\/#website"},"datePublished":"2023-04-03T14:49:15+00:00","dateModified":"2025-08-04T17:18:02+00:00","description":"Arbre Magique \u00e9 para todos os gostos de fragr\u00e2ncia e cor para lhe dar uma carga de emo\u00e7\u00f5es olfativas sempre novo, ambicioso e refinado.","inLanguage":"pt-PT","potentialAction":[{"@type":"ReadAction","target":["https:\/\/arbremagique.it\/pt-pt\/produtos\/"]}]},{"@type":"WebSite","@id":"https:\/\/arbremagique.it\/#website","url":"https:\/\/arbremagique.it\/","name":"Arbre Magique","description":"Il profumo dei tuoi viaggi","publisher":{"@id":"https:\/\/arbremagique.it\/#organization"},"potentialAction":[{"@type":"SearchAction","target":{"@type":"EntryPoint","urlTemplate":"https:\/\/arbremagique.it\/?s={search_term_string}"},"query-input":{"@type":"PropertyValueSpecification","valueRequired":true,"valueName":"search_term_string"}}],"inLanguage":"pt-PT"},{"@type":"Organization","@id":"https:\/\/arbremagique.it\/#organization","name":"Tavola Spa","url":"https:\/\/arbremagique.it\/","logo":{"@type":"ImageObject","inLanguage":"pt-PT","@id":"https:\/\/arbremagique.it\/#\/schema\/logo\/image\/","url":"https:\/\/arbremagique.it\/wp-content\/uploads\/2023\/03\/logo_abremagiquex2-1.png","contentUrl":"https:\/\/arbremagique.it\/wp-content\/uploads\/2023\/03\/logo_abremagiquex2-1.png","width":485,"height":202,"caption":"Tavola Spa"},"image":{"@id":"https:\/\/arbremagique.it\/#\/schema\/logo\/image\/"},"sameAs":["https:\/\/www.facebook.com\/Arbre.Magique","https:\/\/www.instagram.com\/arbre_magique\/"]}]}},"_links":{"self":[{"href":"https:\/\/arbremagique.it\/pt-pt\/wp-json\/wp\/v2\/pages\/8869","targetHints":{"allow":["GET"]}}],"collection":[{"href":"https:\/\/arbremagique.it\/pt-pt\/wp-json\/wp\/v2\/pages"}],"about":[{"href":"https:\/\/arbremagique.it\/pt-pt\/wp-json\/wp\/v2\/types\/page"}],"author":[{"embeddable":true,"href":"https:\/\/arbremagique.it\/pt-pt\/wp-json\/wp\/v2\/users\/1"}],"replies":[{"embeddable":true,"href":"https:\/\/arbremagique.it\/pt-pt\/wp-json\/wp\/v2\/comments?post=8869"}],"version-history":[{"count":3,"href":"https:\/\/arbremagique.it\/pt-pt\/wp-json\/wp\/v2\/pages\/8869\/revisions"}],"predecessor-version":[{"id":9887,"href":"https:\/\/arbremagique.it\/pt-pt\/wp-json\/wp\/v2\/pages\/8869\/revisions\/9887"}],"wp:attachment":[{"href":"https:\/\/arbremagique.it\/pt-pt\/wp-json\/wp\/v2\/media?parent=8869"}],"curies":[{"name":"wp","href":"https:\/\/api.w.org\/{rel}","templated":true}]}}